{"id":1085,"date":"2023-12-27T14:11:02","date_gmt":"2023-12-27T14:11:02","guid":{"rendered":"https:\/\/navathai.es\/?page_id=1085"},"modified":"2023-12-27T16:18:12","modified_gmt":"2023-12-27T16:18:12","slug":"politica-de-cookies","status":"publish","type":"page","link":"https:\/\/navathai.es\/en\/politica-de-cookies\/","title":{"rendered":"Privacy Policy"},"content":{"rendered":"<div data-elementor-type=\"wp-page\" data-elementor-id=\"1085\" class=\"elementor elementor-1085\" data-elementor-post-type=\"page\">\n\t\t\t\t\t\t\t\t\t<section class=\"elementor-section elementor-top-section elementor-element elementor-element-fef7894 elementor-section-height-min-height elementor-section-boxed elementor-section-height-default elementor-section-items-middle\" data-id=\"fef7894\" data-element_type=\"section\" data-settings=\"{&quot;background_background&quot;:&quot;classic&quot;,&quot;background_motion_fx_motion_fx_scrolling&quot;:&quot;yes&quot;,&quot;background_motion_fx_translateY_effect&quot;:&quot;yes&quot;,&quot;background_motion_fx_translateY_speed&quot;:{&quot;unit&quot;:&quot;px&quot;,&quot;size&quot;:4,&quot;sizes&quot;:[]},&quot;background_motion_fx_translateY_affectedRange&quot;:{&quot;unit&quot;:&quot;%&quot;,&quot;size&quot;:&quot;&quot;,&quot;sizes&quot;:{&quot;start&quot;:0,&quot;end&quot;:100}},&quot;background_motion_fx_devices&quot;:[&quot;desktop&quot;,&quot;tablet&quot;,&quot;mobile&quot;]}\">\n\t\t\t\t\t\t\t<div class=\"elementor-background-overlay\"><\/div>\n\t\t\t\t\t\t\t<div class=\"elementor-container elementor-column-gap-default\">\n\t\t\t\t\t<div class=\"elementor-column elementor-col-100 elementor-top-column elementor-element elementor-element-912af47\" data-id=\"912af47\" data-element_type=\"column\">\n\t\t\t<div class=\"elementor-widget-wrap elementor-element-populated\">\n\t\t\t\t\t\t\t\t<div class=\"elementor-element elementor-element-38ef6ea de_scroll_animation_no elementor-invisible elementor-widget elementor-widget-heading\" data-id=\"38ef6ea\" data-element_type=\"widget\" data-settings=\"{&quot;_animation&quot;:&quot;fadeIn&quot;,&quot;_animation_delay&quot;:200}\" data-widget_type=\"heading.default\">\n\t\t\t\t<div class=\"elementor-widget-container\">\n\t\t\t<style>\/*! elementor - v3.18.0 - 20-12-2023 *\/\n.elementor-heading-title{padding:0;margin:0;line-height:1}.elementor-widget-heading .elementor-heading-title[class*=elementor-size-]>a{color:inherit;font-size:inherit;line-height:inherit}.elementor-widget-heading .elementor-heading-title.elementor-size-small{font-size:15px}.elementor-widget-heading .elementor-heading-title.elementor-size-medium{font-size:19px}.elementor-widget-heading .elementor-heading-title.elementor-size-large{font-size:29px}.elementor-widget-heading .elementor-heading-title.elementor-size-xl{font-size:39px}.elementor-widget-heading .elementor-heading-title.elementor-size-xxl{font-size:59px}<\/style><h1 class=\"elementor-heading-title elementor-size-default\">POL\u00cdTICA DE COOKIES<\/h1>\t\t<\/div>\n\t\t\t\t<\/div>\n\t\t\t\t<div class=\"elementor-element elementor-element-9a5f4a6 elementor-widget-divider--view-line de_scroll_animation_no elementor-invisible elementor-widget elementor-widget-divider\" data-id=\"9a5f4a6\" data-element_type=\"widget\" data-settings=\"{&quot;_animation&quot;:&quot;fadeIn&quot;,&quot;_animation_delay&quot;:400}\" data-widget_type=\"divider.default\">\n\t\t\t\t<div class=\"elementor-widget-container\">\n\t\t\t<style>\/*! elementor - v3.18.0 - 20-12-2023 *\/\n.elementor-widget-divider{--divider-border-style:none;--divider-border-width:1px;--divider-color:#0c0d0e;--divider-icon-size:20px;--divider-element-spacing:10px;--divider-pattern-height:24px;--divider-pattern-size:20px;--divider-pattern-url:none;--divider-pattern-repeat:repeat-x}.elementor-widget-divider .elementor-divider{display:flex}.elementor-widget-divider .elementor-divider__text{font-size:15px;line-height:1;max-width:95%}.elementor-widget-divider .elementor-divider__element{margin:0 var(--divider-element-spacing);flex-shrink:0}.elementor-widget-divider .elementor-icon{font-size:var(--divider-icon-size)}.elementor-widget-divider .elementor-divider-separator{display:flex;margin:0;direction:ltr}.elementor-widget-divider--view-line_icon .elementor-divider-separator,.elementor-widget-divider--view-line_text .elementor-divider-separator{align-items:center}.elementor-widget-divider--view-line_icon .elementor-divider-separator:after,.elementor-widget-divider--view-line_icon .elementor-divider-separator:before,.elementor-widget-divider--view-line_text .elementor-divider-separator:after,.elementor-widget-divider--view-line_text .elementor-divider-separator:before{display:block;content:\"\";border-bottom:0;flex-grow:1;border-top:var(--divider-border-width) var(--divider-border-style) var(--divider-color)}.elementor-widget-divider--element-align-left .elementor-divider .elementor-divider-separator>.elementor-divider__svg:first-of-type{flex-grow:0;flex-shrink:100}.elementor-widget-divider--element-align-left .elementor-divider-separator:before{content:none}.elementor-widget-divider--element-align-left .elementor-divider__element{margin-left:0}.elementor-widget-divider--element-align-right .elementor-divider .elementor-divider-separator>.elementor-divider__svg:last-of-type{flex-grow:0;flex-shrink:100}.elementor-widget-divider--element-align-right .elementor-divider-separator:after{content:none}.elementor-widget-divider--element-align-right .elementor-divider__element{margin-right:0}.elementor-widget-divider:not(.elementor-widget-divider--view-line_text):not(.elementor-widget-divider--view-line_icon) .elementor-divider-separator{border-top:var(--divider-border-width) var(--divider-border-style) var(--divider-color)}.elementor-widget-divider--separator-type-pattern{--divider-border-style:none}.elementor-widget-divider--separator-type-pattern.elementor-widget-divider--view-line .elementor-divider-separator,.elementor-widget-divider--separator-type-pattern:not(.elementor-widget-divider--view-line) .elementor-divider-separator:after,.elementor-widget-divider--separator-type-pattern:not(.elementor-widget-divider--view-line) .elementor-divider-separator:before,.elementor-widget-divider--separator-type-pattern:not([class*=elementor-widget-divider--view]) .elementor-divider-separator{width:100%;min-height:var(--divider-pattern-height);-webkit-mask-size:var(--divider-pattern-size) 100%;mask-size:var(--divider-pattern-size) 100%;-webkit-mask-repeat:var(--divider-pattern-repeat);mask-repeat:var(--divider-pattern-repeat);background-color:var(--divider-color);-webkit-mask-image:var(--divider-pattern-url);mask-image:var(--divider-pattern-url)}.elementor-widget-divider--no-spacing{--divider-pattern-size:auto}.elementor-widget-divider--bg-round{--divider-pattern-repeat:round}.rtl .elementor-widget-divider .elementor-divider__text{direction:rtl}.e-con-inner>.elementor-widget-divider,.e-con>.elementor-widget-divider{width:var(--container-widget-width,100%);--flex-grow:var(--container-widget-flex-grow)}<\/style>\t\t<div class=\"elementor-divider\">\n\t\t\t<span class=\"elementor-divider-separator\">\n\t\t\t\t\t\t<\/span>\n\t\t<\/div>\n\t\t\t\t<\/div>\n\t\t\t\t<\/div>\n\t\t\t\t\t<\/div>\n\t\t<\/div>\n\t\t\t\t\t\t\t<\/div>\n\t\t<\/section>\n\t\t<div class=\"elementor-element elementor-element-c4ea92c e-flex e-con-boxed e-con e-parent\" data-id=\"c4ea92c\" data-element_type=\"container\" data-settings=\"{&quot;background_background&quot;:&quot;classic&quot;,&quot;content_width&quot;:&quot;boxed&quot;}\" data-core-v316-plus=\"true\">\n\t\t\t\t\t<div class=\"e-con-inner\">\n\t\t\t\t<div class=\"elementor-element elementor-element-c4bf652 de_scroll_animation_no elementor-widget elementor-widget-text-editor\" data-id=\"c4bf652\" data-element_type=\"widget\" data-widget_type=\"text-editor.default\">\n\t\t\t\t<div class=\"elementor-widget-container\">\n\t\t\t<style>\/*! elementor - v3.18.0 - 20-12-2023 *\/\n.elementor-widget-text-editor.elementor-drop-cap-view-stacked .elementor-drop-cap{background-color:#69727d;color:#fff}.elementor-widget-text-editor.elementor-drop-cap-view-framed .elementor-drop-cap{color:#69727d;border:3px solid;background-color:transparent}.elementor-widget-text-editor:not(.elementor-drop-cap-view-default) .elementor-drop-cap{margin-top:8px}.elementor-widget-text-editor:not(.elementor-drop-cap-view-default) .elementor-drop-cap-letter{width:1em;height:1em}.elementor-widget-text-editor .elementor-drop-cap{float:left;text-align:center;line-height:1;font-size:50px}.elementor-widget-text-editor .elementor-drop-cap-letter{display:inline-block}<\/style>\t\t\t\t<h2>1. \u00bfQu\u00e9 son las cookies y para qu\u00e9 sirven?<\/h2>\nUna cookie es un peque\u00f1o archivo de texto alfanum\u00e9rico depositado en el disco duro del internauta por el servidor del sitio web visitado o por un servidor externo (publicidad, servicio de an\u00e1lisis web, etc. \u2026).\n\nCuando usted visita el sitio web, las cookies, a condici\u00f3n de que usted los haya aceptado, registran informaci\u00f3n que se almacena en la memoria de su disco duro. Utilizamos esta informaci\u00f3n para:\n\n\u2013 Generar estad\u00edsticas de an\u00e1lisis web.\n\u2013 Adaptar la presentaci\u00f3n de los contenidos de la p\u00e1gina web a las preferencias de visualizaci\u00f3n de su dispositivo (idioma, resoluci\u00f3n de pantalla, sistema operativo, etc.) en sus visitas a la p\u00e1gina web.\n\u2013 Adaptar el contenido publicitario mostrado en el equipo terminal desde el que se conecta a la p\u00e1gina web.\n\u2013 Almacenar la informaci\u00f3n relativa a cualquier formulario que cumplimente el usuario en nuestra p\u00e1gina web.\n\n<h2>2. Las cookies emitidas por terceros<\/h2>\nLas cookies pueden ser emitidas en nuestro sitio web por parte de terceros, como resultado de las aplicaciones de terceros integradas en nuestro sitio web a trav\u00e9s de los contenidos de terceros en nuestros espacios publicitarios o mediante servicios publicitarios externos que exploten nuestros espacios publicitarios. Estas cookies se utilizan para:\n\n\u2013 Contabilizar el n\u00famero total de anuncios que se muestran en nuestros espacios publicitarios, identificar esos anuncios, el n\u00famero de usuarios que hicieron clic en cada anuncio etc. con el fin de realizar estad\u00edsticas.\n\u2013 Reconocer su terminal durante su posterior navegaci\u00f3n en cualquier otro sitio o servicio en el que estos anunciantes o terceros tambi\u00e9n emiten cookies y adaptar el contenido a la navegaci\u00f3n de su terminal.\n\nLas cookies emitidas por las redes sociales\nEl sitio web utiliza plugins de redes sociales. Por lo tanto, si usted interact\u00faa con los plugins, por ejemplo, haciendo clic en \u00abMe gusta\u00bb o \u00abCompartir\u00bb, la informaci\u00f3n relativa a su navegaci\u00f3n en el sitio y su membres\u00eda en redes sociales ser\u00e1 transmitida y almacenada en un servidor de la empresa de redes sociales y compartida seg\u00fan de los par\u00e1metros de su cuenta de usuario conforme a las condiciones de uso de cada empresa.\n\n<h2>3. Aceptar \/ rechazar las cookies<\/h2>\nUsted puede elegir en cualquier momento aceptar o rechazar la instalaci\u00f3n de cookies en su terminal mediante la configuraci\u00f3n de su navegador.\n\n<h2>3.1 Acepto las cookies<\/h2>\nQue una cookie se instale en un equipo terminal de usuario, est\u00e1 esencialmente subordinado a la voluntad de aceptarla o no del terminal, decisi\u00f3n que se puede expresar y modificar en cualquier momento y de forma gratuita a trav\u00e9s de las opciones que le ofrece el navegador de internet que tiene instalado el equipo terminal de usuario.\n\nSi el usuario del equipo terminal ha aceptado en su navegador que se acepten las cookies en su terminal, las cookies de las p\u00e1ginas internet que ha visitado se almacenan temporalmente en un espacio dedicado a ello del equipo terminal de usuario. Estas cookies s\u00f3lo se podr\u00e1n leer por el emisor de las mismas.\n\n\u00bfCu\u00e1l es la ventaja de aceptar cookies?\nCuando visita el sitio web, estas cookies recopilan informaci\u00f3n que se almacena en su terminal. Utilizamos esta informaci\u00f3n para ofrecerle productos en funci\u00f3n de los art\u00edculos que usted ha seleccionado en sus visitas anteriores facilit\u00e1ndole as\u00ed la navegaci\u00f3n en nuestro sitio.\n\n<h2>3.2 Rechazo las cookies<\/h2>\nSi usted rechaza la instalaci\u00f3n de cookies en su terminal de usuario o, si elimina las que se hubieran registrado en otros accesos anteriores, debe tener en cuenta que no podr\u00e1 beneficiarse de una serie de utilidades que son necesarias para navegar en algunas zonas de nuestra p\u00e1gina web. As\u00ed, no se podr\u00e1 reconocer, por ejemplo, el idioma por defecto del equipo terminal, el tipo de navegador instalado en el equipo terminal de usuario para poder adaptar la visualizaci\u00f3n de la p\u00e1gina web, el pa\u00eds desde el que se conecta el dispositivo a la p\u00e1gina web, etc.\n\nEn este caso de negativa a la instalaci\u00f3n de cookies o supresi\u00f3n de las mismas por parte del usuario, no asumimos ninguna responsabilidad por las consecuencias relacionadas con el funcionamiento degradado de los servicios que ofrece la p\u00e1gina web; debido a la imposibilidad de registrar o ver las cookies necesarias para el perfecto funcionamiento de la p\u00e1gina web.\n\n4. Configuraci\u00f3n del navegador\nLa configuraci\u00f3n de las cookies depende del navegador. \u00c9sta se describe en el men\u00fa de ayuda de su navegador.\n\nPara Internet Explorer\nPara personalizar la configuraci\u00f3n de las cookies de un sitio web\n\nHaga clic en el bot\u00f3n Herramientas y despu\u00e9s en Opciones de Internet.\nHaga clic en la pesta\u00f1a Privacidad y luego en Sitios.\nEn el cuadro Direcci\u00f3n del sitio web, escriba la direcci\u00f3n completa (URL) del sitio Web cuya configuraci\u00f3n de privacidad quiera personalizar.\nPor ejemplo http:\/\/www.microsoft.com.\nDespu\u00e9s haga clic en Bloquear o Permitir.\nRepita los pasos 3 y 4 para cada sitio web que desee bloquear o permitir. Al finalizar, haga dos veces clic en Aceptar.\n\nPara Safari\nAcceda al men\u00fa \u00abSafari\u00bb y entre en el apartado \u00abPreferencias\u00bb. A continuaci\u00f3n haga clic sobre la pesta\u00f1a Seguridad y podr\u00e1 ajustar las Cookies.\n\nPara Chrome\nHaga clic en el men\u00fa de Chrome situado en la barra de herramientas del navegador.\n\nSeleccione Configuraci\u00f3n\nHaga clic en Mostrar opciones avanzadas\nEn la secci\u00f3n \u00abPrivacidad\u00bb, haz clic en el bot\u00f3n Configuraci\u00f3n de contenido.\nEn la secci\u00f3n \u00abCookies\u00bb, puedes configurar las opciones que se indican a continuaci\u00f3n:\nEliminar cookies\nBloquear las cookies de forma predeterminada\t\t\t\t\t\t<\/div>\n\t\t\t\t<\/div>\n\t\t\t\t\t<\/div>\n\t\t\t\t<\/div>\n\t\t\t\t\t\t\t<\/div>","protected":false},"excerpt":{"rendered":"<p>POL\u00cdTICA DE COOKIES 1. \u00bfQu\u00e9 son las cookies y para qu\u00e9 sirven? Una cookie es un peque\u00f1o archivo de texto alfanum\u00e9rico depositado en el disco duro del internauta por el servidor del sitio web visitado o por un servidor externo (publicidad, servicio de an\u00e1lisis web, etc. \u2026). Cuando usted visita el sitio web, las cookies, [&hellip;]<\/p>","protected":false},"author":1,"featured_media":0,"parent":0,"menu_order":0,"comment_status":"closed","ping_status":"open","template":"","meta":{"footnotes":""},"class_list":["post-1085","page","type-page","status-publish","hentry"],"_links":{"self":[{"href":"https:\/\/navathai.es\/en\/wp-json\/wp\/v2\/pages\/1085"}],"collection":[{"href":"https:\/\/navathai.es\/en\/wp-json\/wp\/v2\/pages"}],"about":[{"href":"https:\/\/navathai.es\/en\/wp-json\/wp\/v2\/types\/page"}],"author":[{"embeddable":true,"href":"https:\/\/navathai.es\/en\/wp-json\/wp\/v2\/users\/1"}],"replies":[{"embeddable":true,"href":"https:\/\/navathai.es\/en\/wp-json\/wp\/v2\/comments?post=1085"}],"version-history":[{"count":13,"href":"https:\/\/navathai.es\/en\/wp-json\/wp\/v2\/pages\/1085\/revisions"}],"predecessor-version":[{"id":1125,"href":"https:\/\/navathai.es\/en\/wp-json\/wp\/v2\/pages\/1085\/revisions\/1125"}],"wp:attachment":[{"href":"https:\/\/navathai.es\/en\/wp-json\/wp\/v2\/media?parent=1085"}],"curies":[{"name":"wp","href":"https:\/\/api.w.org\/{rel}","templated":true}]}}