{"id":1073,"date":"2023-12-27T14:05:28","date_gmt":"2023-12-27T14:05:28","guid":{"rendered":"https:\/\/navathai.es\/?page_id=1073"},"modified":"2023-12-27T15:51:04","modified_gmt":"2023-12-27T15:51:04","slug":"aviso-legal","status":"publish","type":"page","link":"https:\/\/navathai.es\/en\/aviso-legal\/","title":{"rendered":"Legal Disclaimer"},"content":{"rendered":"<div data-elementor-type=\"wp-page\" data-elementor-id=\"1073\" class=\"elementor elementor-1073\" data-elementor-post-type=\"page\">\n\t\t\t\t\t\t\t\t\t<section class=\"elementor-section elementor-top-section elementor-element elementor-element-26ea9ba elementor-section-height-min-height elementor-section-boxed elementor-section-height-default elementor-section-items-middle\" data-id=\"26ea9ba\" data-element_type=\"section\" data-settings=\"{&quot;background_background&quot;:&quot;classic&quot;,&quot;background_motion_fx_motion_fx_scrolling&quot;:&quot;yes&quot;,&quot;background_motion_fx_translateY_effect&quot;:&quot;yes&quot;,&quot;background_motion_fx_translateY_speed&quot;:{&quot;unit&quot;:&quot;px&quot;,&quot;size&quot;:4,&quot;sizes&quot;:[]},&quot;background_motion_fx_translateY_affectedRange&quot;:{&quot;unit&quot;:&quot;%&quot;,&quot;size&quot;:&quot;&quot;,&quot;sizes&quot;:{&quot;start&quot;:0,&quot;end&quot;:100}},&quot;background_motion_fx_devices&quot;:[&quot;desktop&quot;,&quot;tablet&quot;,&quot;mobile&quot;]}\">\n\t\t\t\t\t\t\t<div class=\"elementor-background-overlay\"><\/div>\n\t\t\t\t\t\t\t<div class=\"elementor-container elementor-column-gap-default\">\n\t\t\t\t\t<div class=\"elementor-column elementor-col-100 elementor-top-column elementor-element elementor-element-6ae8e29\" data-id=\"6ae8e29\" data-element_type=\"column\">\n\t\t\t<div class=\"elementor-widget-wrap elementor-element-populated\">\n\t\t\t\t\t\t\t\t<div class=\"elementor-element elementor-element-d22a573 de_scroll_animation_no elementor-invisible elementor-widget elementor-widget-heading\" data-id=\"d22a573\" data-element_type=\"widget\" data-settings=\"{&quot;_animation&quot;:&quot;fadeIn&quot;,&quot;_animation_delay&quot;:200}\" data-widget_type=\"heading.default\">\n\t\t\t\t<div class=\"elementor-widget-container\">\n\t\t\t<style>\/*! elementor - v3.18.0 - 20-12-2023 *\/\n.elementor-heading-title{padding:0;margin:0;line-height:1}.elementor-widget-heading .elementor-heading-title[class*=elementor-size-]>a{color:inherit;font-size:inherit;line-height:inherit}.elementor-widget-heading .elementor-heading-title.elementor-size-small{font-size:15px}.elementor-widget-heading .elementor-heading-title.elementor-size-medium{font-size:19px}.elementor-widget-heading .elementor-heading-title.elementor-size-large{font-size:29px}.elementor-widget-heading .elementor-heading-title.elementor-size-xl{font-size:39px}.elementor-widget-heading .elementor-heading-title.elementor-size-xxl{font-size:59px}<\/style><h1 class=\"elementor-heading-title elementor-size-default\">AVISO LEGAL<\/h1>\t\t<\/div>\n\t\t\t\t<\/div>\n\t\t\t\t<div class=\"elementor-element elementor-element-dfa776c elementor-widget-divider--view-line de_scroll_animation_no elementor-invisible elementor-widget elementor-widget-divider\" data-id=\"dfa776c\" data-element_type=\"widget\" data-settings=\"{&quot;_animation&quot;:&quot;fadeIn&quot;,&quot;_animation_delay&quot;:400}\" data-widget_type=\"divider.default\">\n\t\t\t\t<div class=\"elementor-widget-container\">\n\t\t\t<style>\/*! elementor - v3.18.0 - 20-12-2023 *\/\n.elementor-widget-divider{--divider-border-style:none;--divider-border-width:1px;--divider-color:#0c0d0e;--divider-icon-size:20px;--divider-element-spacing:10px;--divider-pattern-height:24px;--divider-pattern-size:20px;--divider-pattern-url:none;--divider-pattern-repeat:repeat-x}.elementor-widget-divider .elementor-divider{display:flex}.elementor-widget-divider .elementor-divider__text{font-size:15px;line-height:1;max-width:95%}.elementor-widget-divider .elementor-divider__element{margin:0 var(--divider-element-spacing);flex-shrink:0}.elementor-widget-divider .elementor-icon{font-size:var(--divider-icon-size)}.elementor-widget-divider .elementor-divider-separator{display:flex;margin:0;direction:ltr}.elementor-widget-divider--view-line_icon .elementor-divider-separator,.elementor-widget-divider--view-line_text .elementor-divider-separator{align-items:center}.elementor-widget-divider--view-line_icon .elementor-divider-separator:after,.elementor-widget-divider--view-line_icon .elementor-divider-separator:before,.elementor-widget-divider--view-line_text .elementor-divider-separator:after,.elementor-widget-divider--view-line_text .elementor-divider-separator:before{display:block;content:\"\";border-bottom:0;flex-grow:1;border-top:var(--divider-border-width) var(--divider-border-style) var(--divider-color)}.elementor-widget-divider--element-align-left .elementor-divider .elementor-divider-separator>.elementor-divider__svg:first-of-type{flex-grow:0;flex-shrink:100}.elementor-widget-divider--element-align-left .elementor-divider-separator:before{content:none}.elementor-widget-divider--element-align-left .elementor-divider__element{margin-left:0}.elementor-widget-divider--element-align-right .elementor-divider .elementor-divider-separator>.elementor-divider__svg:last-of-type{flex-grow:0;flex-shrink:100}.elementor-widget-divider--element-align-right .elementor-divider-separator:after{content:none}.elementor-widget-divider--element-align-right .elementor-divider__element{margin-right:0}.elementor-widget-divider:not(.elementor-widget-divider--view-line_text):not(.elementor-widget-divider--view-line_icon) .elementor-divider-separator{border-top:var(--divider-border-width) var(--divider-border-style) var(--divider-color)}.elementor-widget-divider--separator-type-pattern{--divider-border-style:none}.elementor-widget-divider--separator-type-pattern.elementor-widget-divider--view-line .elementor-divider-separator,.elementor-widget-divider--separator-type-pattern:not(.elementor-widget-divider--view-line) .elementor-divider-separator:after,.elementor-widget-divider--separator-type-pattern:not(.elementor-widget-divider--view-line) .elementor-divider-separator:before,.elementor-widget-divider--separator-type-pattern:not([class*=elementor-widget-divider--view]) .elementor-divider-separator{width:100%;min-height:var(--divider-pattern-height);-webkit-mask-size:var(--divider-pattern-size) 100%;mask-size:var(--divider-pattern-size) 100%;-webkit-mask-repeat:var(--divider-pattern-repeat);mask-repeat:var(--divider-pattern-repeat);background-color:var(--divider-color);-webkit-mask-image:var(--divider-pattern-url);mask-image:var(--divider-pattern-url)}.elementor-widget-divider--no-spacing{--divider-pattern-size:auto}.elementor-widget-divider--bg-round{--divider-pattern-repeat:round}.rtl .elementor-widget-divider .elementor-divider__text{direction:rtl}.e-con-inner>.elementor-widget-divider,.e-con>.elementor-widget-divider{width:var(--container-widget-width,100%);--flex-grow:var(--container-widget-flex-grow)}<\/style>\t\t<div class=\"elementor-divider\">\n\t\t\t<span class=\"elementor-divider-separator\">\n\t\t\t\t\t\t<\/span>\n\t\t<\/div>\n\t\t\t\t<\/div>\n\t\t\t\t<\/div>\n\t\t\t\t\t<\/div>\n\t\t<\/div>\n\t\t\t\t\t\t\t<\/div>\n\t\t<\/section>\n\t\t<div class=\"elementor-element elementor-element-b41b23b e-flex e-con-boxed e-con e-parent\" data-id=\"b41b23b\" data-element_type=\"container\" data-settings=\"{&quot;background_background&quot;:&quot;classic&quot;,&quot;content_width&quot;:&quot;boxed&quot;}\" data-core-v316-plus=\"true\">\n\t\t\t\t\t<div class=\"e-con-inner\">\n\t\t\t\t<div class=\"elementor-element elementor-element-5aa6611 de_scroll_animation_no elementor-widget elementor-widget-text-editor\" data-id=\"5aa6611\" data-element_type=\"widget\" data-widget_type=\"text-editor.default\">\n\t\t\t\t<div class=\"elementor-widget-container\">\n\t\t\t<style>\/*! elementor - v3.18.0 - 20-12-2023 *\/\n.elementor-widget-text-editor.elementor-drop-cap-view-stacked .elementor-drop-cap{background-color:#69727d;color:#fff}.elementor-widget-text-editor.elementor-drop-cap-view-framed .elementor-drop-cap{color:#69727d;border:3px solid;background-color:transparent}.elementor-widget-text-editor:not(.elementor-drop-cap-view-default) .elementor-drop-cap{margin-top:8px}.elementor-widget-text-editor:not(.elementor-drop-cap-view-default) .elementor-drop-cap-letter{width:1em;height:1em}.elementor-widget-text-editor .elementor-drop-cap{float:left;text-align:center;line-height:1;font-size:50px}.elementor-widget-text-editor .elementor-drop-cap-letter{display:inline-block}<\/style>\t\t\t\t<p>El presente aviso legal establece las condiciones de uso del sitio web <a href=\"https:\/\/navathai.es\/en\/\">www.navathai.es<\/a> en adelante web, que VALENCIA THAI MASSAGE SL, (en adelante, la empresa), con domicilio en Sorn\u00ed, 22, 46004 Valencia y con direcci\u00f3n de correo electr\u00f3nico <a href=\"mailto:info@navathai.es\">info@navathai.es<\/a>, CIF n\u00famero B40632770.<\/p><p>El acceso al sitio web atribuye la condici\u00f3n de Usuario e implica la aceptaci\u00f3n plena y sin reservas por parte del Usuario, de todas y cada una de las condiciones incluidas en este Aviso legal.<\/p><p>Todos los derechos de propiedad intelectual del dominio web, as\u00ed como de sus contenidos pertenecen, bien a la empresa, bien a terceras personas, por lo que ning\u00fan usuario est\u00e1 autorizado a hacer uso de ellos, ni imprimirlos ni almacenarlos bajo ning\u00fan soporte f\u00edsico en ning\u00fan caso que no sea el de su utilizaci\u00f3n personal y privada. Quedando, pues prohibida la modificaci\u00f3n o la utilizaci\u00f3n comercial de cualquier parte de la misma.<\/p><p>Tan s\u00f3lo se autoriza la utilizaci\u00f3n de los contenidos del dominio web con fines informativos y de servicio, siempre que se cite o se haga referencia a la fuente, siendo el Usuario, el \u00fanico responsable del mal uso de los mismos.<\/p><p>Para acceder a la informaci\u00f3n contenida en el sitio web y hacer uso de los servicios ofrecidos, los menores de edad deben obtener previamente permiso de sus padres, tutores o representantes legales.<\/p><p>Los datos, textos, informaciones, gr\u00e1ficos o v\u00ednculos publicados en la web, son recopilados con efectos meramente informativos para todas aquellas personas interesadas en los mismos sin que, su acceso, genere relaci\u00f3n comercial, contractual o profesional entre los Usuarios y la empresa. En caso de discrepancia entre la informaci\u00f3n contenida en el sitio web y la contenida en papel, se estar\u00e1 a esta \u00faltima. La empresa se reserva el derecho de modificar los contenidos del dominio web sin previo aviso.<\/p><p>El Usuario tiene terminantemente prohibido introducir cualquier tipo de virus en el dominio web, as\u00ed como intentar acceder a los datos del mismo, modificarlos, acceder a las cuentas de correo, mensajes, etc.<\/p><p>La empresa no garantiza la calidad, exactitud, fiabilidad, correcci\u00f3n o moralidad de los datos, programas, informaciones u opiniones, cualquiera que sea el origen, que circulen por su red o por las redes a las que el Usuario pueda acceder a trav\u00e9s de la web. El Cliente acepta expresamente dejar exenta a la empresa de cualquier responsabilidad relacionada con la web. El Usuario asume bajo su exclusiva responsabilidad las consecuencias, da\u00f1os o acciones que pudieran derivarse del acceso a dichos contenidos, as\u00ed como de su reproducci\u00f3n o difusi\u00f3n.<\/p><p>La empresa no ser\u00e1 responsable de las infracciones de cualquier Usuario que afecten a los derechos de otro Usuario de la web, o de terceros, incluyendo los derechos de copyright, marcas, patentes, informaci\u00f3n confidencial y cualquier otro derecho de propiedad intelectual o industrial.<\/p><p>La empresa har\u00e1 uso de las acciones civiles o penales que por ley corresponda, ante cualquier utilizaci\u00f3n indebida de su dominio web. Los litigios que pudieran surgir en relaci\u00f3n a este dominio se regir\u00e1n \u00fanicamente por el derecho espa\u00f1ol, someti\u00e9ndose a los Juzgados y Tribunales competentes de acuerdo con la legislaci\u00f3n aplicable.<\/p><h2>PROTECCI\u00d3N DE DATOS<\/h2><p>Los enlaces e hipertexto que, en su caso, posibiliten el acceso a trav\u00e9s del sitio web a prestaciones y servicios ofrecidos por terceros, no pertenecen ni se encuentran bajo el control de la empresa, por lo que no se hace responsable ni de la informaci\u00f3n contenida en los mismos ni de cualesquiera efectos que pudieran derivarse de dicha informaci\u00f3n.<\/p><p>Seg\u00fan lo previsto en la Ley Org\u00e1nica 15\/1999 del 13 de Diciembre, de Protecci\u00f3n de Datos de Car\u00e1cter Personal, y el posterior Reglamento General de Protecci\u00f3n de Datos (RGPD) del 25\/05\/2016 le informamos que su direcci\u00f3n de correo electr\u00f3nico figura en nuestros archivos automatizados, al objeto exclusivamente de remitirle informaci\u00f3n sobre actividades promovidas por \u201cNava thai\u201d. Usted puede en cualquier momento ejercitar su derecho de acceder, rectificar y, en su caso, cancelar sus datos personales enviando un correo electr\u00f3nico a info@navathai.es<\/p><p>La finalidad del tratamiento es informar a los interesados sobre la empresa, sus servicios y\/o productos. En caso de negarse a comunicar los datos podr\u00eda ser imposible informarle.<\/p><p>Podr\u00e1 dirigir sus comunicaciones y ejercitar los derechos de acceso, rectificaci\u00f3n, cancelaci\u00f3n y oposici\u00f3n en la direcci\u00f3n de correo electr\u00f3nico, o correo postal arriba indicada.<\/p><p>Los datos proporcionados por el Usuario a trav\u00e9s de la web y\/o correo electr\u00f3nico podr\u00e1n ser utilizados para el env\u00edo de publicidad tanto a trav\u00e9s de mensajes SMS al m\u00f3vil, como por correo electr\u00f3nico o WhatsApp.<\/p>\t\t\t\t\t\t<\/div>\n\t\t\t\t<\/div>\n\t\t\t\t\t<\/div>\n\t\t\t\t<\/div>\n\t\t\t\t\t\t\t<\/div>","protected":false},"excerpt":{"rendered":"<p>AVISO LEGAL El presente aviso legal establece las condiciones de uso del sitio web www.navathai.es en adelante web, que VALENCIA THAI MASSAGE SL, (en adelante, la empresa), con domicilio en Sorn\u00ed, 22, 46004 Valencia y con direcci\u00f3n de correo electr\u00f3nico info@navathai.es, CIF n\u00famero B40632770. El acceso al sitio web atribuye la condici\u00f3n de Usuario e [&hellip;]<\/p>","protected":false},"author":1,"featured_media":0,"parent":0,"menu_order":0,"comment_status":"closed","ping_status":"open","template":"","meta":{"footnotes":""},"class_list":["post-1073","page","type-page","status-publish","hentry"],"_links":{"self":[{"href":"https:\/\/navathai.es\/en\/wp-json\/wp\/v2\/pages\/1073"}],"collection":[{"href":"https:\/\/navathai.es\/en\/wp-json\/wp\/v2\/pages"}],"about":[{"href":"https:\/\/navathai.es\/en\/wp-json\/wp\/v2\/types\/page"}],"author":[{"embeddable":true,"href":"https:\/\/navathai.es\/en\/wp-json\/wp\/v2\/users\/1"}],"replies":[{"embeddable":true,"href":"https:\/\/navathai.es\/en\/wp-json\/wp\/v2\/comments?post=1073"}],"version-history":[{"count":16,"href":"https:\/\/navathai.es\/en\/wp-json\/wp\/v2\/pages\/1073\/revisions"}],"predecessor-version":[{"id":1112,"href":"https:\/\/navathai.es\/en\/wp-json\/wp\/v2\/pages\/1073\/revisions\/1112"}],"wp:attachment":[{"href":"https:\/\/navathai.es\/en\/wp-json\/wp\/v2\/media?parent=1073"}],"curies":[{"name":"wp","href":"https:\/\/api.w.org\/{rel}","templated":true}]}}